{"id":2776,"date":"2022-07-29T22:26:07","date_gmt":"2022-07-29T22:26:07","guid":{"rendered":"https:\/\/caoviedo.es\/fiestas\/?page_id=2776"},"modified":"2025-07-24T10:49:40","modified_gmt":"2025-07-24T08:49:40","slug":"presidente-cao","status":"publish","type":"page","link":"https:\/\/caoviedo.es\/fiestas\/presidente-cao\/","title":{"rendered":"Discurso Presidente Centro Asturiano de Oviedo 25"},"content":{"rendered":"\t\t<div data-elementor-type=\"wp-page\" data-elementor-id=\"2776\" class=\"elementor elementor-2776\">\n\t\t\t\t\t\t<section class=\"elementor-section elementor-top-section elementor-element elementor-element-3fcefd7 elementor-section-boxed elementor-section-height-default elementor-section-height-default\" data-id=\"3fcefd7\" data-element_type=\"section\" data-e-type=\"section\" data-settings=\"{&quot;background_background&quot;:&quot;classic&quot;}\">\n\t\t\t\t\t\t<div class=\"elementor-container elementor-column-gap-default\">\n\t\t\t\t\t<div class=\"elementor-column elementor-col-100 elementor-top-column elementor-element elementor-element-b08fc31\" data-id=\"b08fc31\" data-element_type=\"column\" data-e-type=\"column\">\n\t\t\t<div class=\"elementor-widget-wrap elementor-element-populated\">\n\t\t\t\t\t\t<div class=\"elementor-element elementor-element-36911b7 elementor-widget elementor-widget-heading\" data-id=\"36911b7\" data-element_type=\"widget\" data-e-type=\"widget\" data-widget_type=\"heading.default\">\n\t\t\t\t<div class=\"elementor-widget-container\">\n\t\t\t\t\t<h2 class=\"elementor-heading-title elementor-size-default\">Mensaje del Presidente del Centro Asturiano de Oviedo<\/h2>\t\t\t\t<\/div>\n\t\t\t\t<\/div>\n\t\t\t\t\t<\/div>\n\t\t<\/div>\n\t\t\t\t\t<\/div>\n\t\t<\/section>\n\t\t\t\t<section class=\"elementor-section elementor-top-section elementor-element elementor-element-67900d8 elementor-section-boxed elementor-section-height-default elementor-section-height-default\" data-id=\"67900d8\" data-element_type=\"section\" data-e-type=\"section\" data-settings=\"{&quot;background_background&quot;:&quot;classic&quot;}\">\n\t\t\t\t\t\t<div class=\"elementor-container elementor-column-gap-default\">\n\t\t\t\t\t<div class=\"elementor-column elementor-col-50 elementor-top-column elementor-element elementor-element-9afc803\" data-id=\"9afc803\" data-element_type=\"column\" data-e-type=\"column\" data-settings=\"{&quot;background_background&quot;:&quot;classic&quot;}\">\n\t\t\t<div class=\"elementor-widget-wrap elementor-element-populated\">\n\t\t\t\t\t\t<div class=\"elementor-element elementor-element-3f6e1d9 elementor-widget elementor-widget-image\" data-id=\"3f6e1d9\" data-element_type=\"widget\" data-e-type=\"widget\" data-widget_type=\"image.default\">\n\t\t\t\t<div class=\"elementor-widget-container\">\n\t\t\t\t\t\t\t\t\t\t\t\t\t\t\t<img fetchpriority=\"high\" decoding=\"async\" width=\"886\" height=\"1024\" src=\"https:\/\/caoviedo.es\/fiestas\/wp-content\/uploads\/sites\/2\/2024\/08\/Gerardo-Jose-Martinez-Quesada.jpeg\" class=\"attachment-full size-full wp-image-5072\" alt=\"Fiestas Nuestra Se\u00f1ora de Covadonga - Centro Asturiano de Oviedo 2024\" srcset=\"https:\/\/caoviedo.es\/fiestas\/wp-content\/uploads\/sites\/2\/2024\/08\/Gerardo-Jose-Martinez-Quesada.jpeg 886w, https:\/\/caoviedo.es\/fiestas\/wp-content\/uploads\/sites\/2\/2024\/08\/Gerardo-Jose-Martinez-Quesada-260x300.jpeg 260w, https:\/\/caoviedo.es\/fiestas\/wp-content\/uploads\/sites\/2\/2024\/08\/Gerardo-Jose-Martinez-Quesada-768x888.jpeg 768w\" sizes=\"(max-width: 886px) 100vw, 886px\" \/>\t\t\t\t\t\t\t\t\t\t\t\t\t\t\t<\/div>\n\t\t\t\t<\/div>\n\t\t\t\t<div class=\"elementor-element elementor-element-277efaf elementor-widget elementor-widget-text-editor\" data-id=\"277efaf\" data-element_type=\"widget\" data-e-type=\"widget\" data-widget_type=\"text-editor.default\">\n\t\t\t\t<div class=\"elementor-widget-container\">\n\t\t\t\t\t\t\t\t\t<p style=\"text-align: center\"><strong>Gerardo Jos\u00e9 Mart\u00ednez Quesada<\/strong><br>\n<p style=\"text-align: center\"><em>Presidente del Centro Asturiano de Oviedo<\/em>\t\t\t\t\t\t\t\t<\/div>\n\t\t\t\t<\/div>\n\t\t\t\t\t<\/div>\n\t\t<\/div>\n\t\t\t\t<div class=\"elementor-column elementor-col-50 elementor-top-column elementor-element elementor-element-829122f\" data-id=\"829122f\" data-element_type=\"column\" data-e-type=\"column\">\n\t\t\t<div class=\"elementor-widget-wrap elementor-element-populated\">\n\t\t\t\t\t\t<div class=\"elementor-element elementor-element-8250196 elementor-widget elementor-widget-text-editor\" data-id=\"8250196\" data-element_type=\"widget\" data-e-type=\"widget\" data-widget_type=\"text-editor.default\">\n\t\t\t\t<div class=\"elementor-widget-container\">\n\t\t\t\t\t\t\t\t\t<p><span data-contrast=\"auto\">Llega septiembre y con \u00e9l, las fiestas patronales de nuestro Centro Asturiano de Oviedo en honor de la Virgen de Covadonga.<\/span><span data-ccp-props=\"{&quot;335551550&quot;:6,&quot;335551620&quot;:6,&quot;335559739&quot;:0}\">\u00a0<\/span><\/p><p><span data-contrast=\"auto\">Como es tradici\u00f3n, las fiestas se inician con el preg\u00f3n, este a\u00f1o a cargo de nuestro socio SANTIAGO JIMENEZ TREVI\u00d1O, especialista pediatra en el HUCA. Sin embargo, SANTIAGO es m\u00e1s conocido, no solo por su gran labor profesional, sino como el SPIDERMAN del hospital ya que, disfrazado de este personaje, lleva la alegr\u00eda a ni\u00f1os enfermos ingresados en el centro hospitalario. Es, sin duda, una impagable labor humanitaria.<\/span><span data-ccp-props=\"{&quot;335551550&quot;:6,&quot;335551620&quot;:6,&quot;335559739&quot;:0}\">\u00a0<\/span><\/p><p><span data-contrast=\"auto\">En el matrimonio formado por VISITACI\u00d3N NAVA IGLESIAS, (VISI) y LUIS MANUEL CABRERO MORCH\u00d3N, con casi 60 a\u00f1os de socios, homenajeamos a nuestros mayores. IRIA FRANCO GARC\u00cdA, jugadora de baloncesto e integrante de nuestro grupo de baile y MATEO RUIZ RIU, jugador de f\u00fatbol en nuestro juvenil, representar\u00e1n a nuestra juventud.<\/span><span data-ccp-props=\"{&quot;335551550&quot;:6,&quot;335551620&quot;:6,&quot;335559739&quot;:0}\">\u00a0<\/span><\/p><p><span data-contrast=\"auto\">El programa de fiestas que les presentamos a continuaci\u00f3n, recoge actividades para todas las edades y siempre encaminadas a la diversi\u00f3n y entretenimiento de los socios. El d\u00eda 8, DIA GRANDE, es un compendio de actividades, entre las que destacan la procesi\u00f3n y misa solemne, el reparto del bollo y el monumental castillo de fuegos artificiales con el que se cierran las fiestas.<\/span><span data-ccp-props=\"{&quot;335551550&quot;:6,&quot;335551620&quot;:6}\">\u00a0<\/span><\/p><p><span data-contrast=\"auto\">Hemos realizado un gran esfuerzo y empe\u00f1o en que estas fiestas sean del agrado de los socios que, masivamente, acuden al Club en estas fechas.\u00a0<\/span><span data-ccp-props=\"{&quot;335551550&quot;:6,&quot;335551620&quot;:6}\">\u00a0<\/span><\/p><p><strong>Muy felices fiestas y a disfrutarlas.\u00a0<\/strong><\/p>\t\t\t\t\t\t\t\t<\/div>\n\t\t\t\t<\/div>\n\t\t\t\t\t<\/div>\n\t\t<\/div>\n\t\t\t\t\t<\/div>\n\t\t<\/section>\n\t\t\t\t<section class=\"elementor-section elementor-top-section elementor-element elementor-element-5399fc9 elementor-section-boxed elementor-section-height-default elementor-section-height-default\" data-id=\"5399fc9\" data-element_type=\"section\" data-e-type=\"section\" data-settings=\"{&quot;background_background&quot;:&quot;classic&quot;}\">\n\t\t\t\t\t\t<div class=\"elementor-container elementor-column-gap-default\">\n\t\t\t\t\t<div class=\"elementor-column elementor-col-100 elementor-top-column elementor-element elementor-element-885abdf\" data-id=\"885abdf\" data-element_type=\"column\" data-e-type=\"column\">\n\t\t\t<div class=\"elementor-widget-wrap elementor-element-populated\">\n\t\t\t\t\t\t<div class=\"elementor-element elementor-element-876773e elementor-align-center elementor-icon-list--layout-traditional elementor-list-item-link-full_width elementor-widget elementor-widget-icon-list\" data-id=\"876773e\" data-element_type=\"widget\" data-e-type=\"widget\" data-widget_type=\"icon-list.default\">\n\t\t\t\t<div class=\"elementor-widget-container\">\n\t\t\t\t\t\t\t<ul class=\"elementor-icon-list-items\">\n\t\t\t\t\t\t\t<li class=\"elementor-icon-list-item\">\n\t\t\t\t\t\t\t\t\t\t\t<a href=\"\/fiestas\">\n\n\t\t\t\t\t\t\t\t\t\t\t\t<span class=\"elementor-icon-list-icon\">\n\t\t\t\t\t\t\t<i aria-hidden=\"true\" class=\"fas fa-grip-horizontal\"><\/i>\t\t\t\t\t\t<\/span>\n\t\t\t\t\t\t\t\t\t\t<span class=\"elementor-icon-list-text\">VOLVER<\/span>\n\t\t\t\t\t\t\t\t\t\t\t<\/a>\n\t\t\t\t\t\t\t\t\t<\/li>\n\t\t\t\t\t\t<\/ul>\n\t\t\t\t\t\t<\/div>\n\t\t\t\t<\/div>\n\t\t\t\t\t<\/div>\n\t\t<\/div>\n\t\t\t\t\t<\/div>\n\t\t<\/section>\n\t\t\t\t<\/div>\n\t\t","protected":false},"excerpt":{"rendered":"<p>Mensaje del Presidente del Centro Asturiano de Oviedo Gerardo Jos\u00e9 Mart\u00ednez Quesada Presidente del Centro Asturiano de Oviedo Llega septiembre y con \u00e9l, las fiestas patronales de nuestro Centro Asturiano [&hellip;]<\/p>\n","protected":false},"author":1,"featured_media":0,"parent":0,"menu_order":0,"comment_status":"closed","ping_status":"closed","template":"","meta":{"site-sidebar-layout":"no-sidebar","site-content-layout":"page-builder","ast-site-content-layout":"default","site-content-style":"default","site-sidebar-style":"default","ast-global-header-display":"","ast-banner-title-visibility":"","ast-main-header-display":"","ast-hfb-above-header-display":"","ast-hfb-below-header-display":"","ast-hfb-mobile-header-display":"","site-post-title":"disabled","ast-breadcrumbs-content":"","ast-featured-img":"disabled","footer-sml-layout":"","ast-disable-related-posts":"","theme-transparent-header-meta":"default","adv-header-id-meta":"","stick-header-meta":"","header-above-stick-meta":"","header-main-stick-meta":"","header-below-stick-meta":"","astra-migrate-meta-layouts":"default","ast-page-background-enabled":"default","ast-page-background-meta":{"desktop":{"background-color":"","background-image":"","background-repeat":"repeat","background-position":"center center","background-size":"auto","background-attachment":"scroll","background-type":"","background-media":"","overlay-type":"","overlay-color":"","overlay-opacity":"","overlay-gradient":""},"tablet":{"background-color":"","background-image":"","background-repeat":"repeat","background-position":"center center","background-size":"auto","background-attachment":"scroll","background-type":"","background-media":"","overlay-type":"","overlay-color":"","overlay-opacity":"","overlay-gradient":""},"mobile":{"background-color":"","background-image":"","background-repeat":"repeat","background-position":"center center","background-size":"auto","background-attachment":"scroll","background-type":"","background-media":"","overlay-type":"","overlay-color":"","overlay-opacity":"","overlay-gradient":""}},"ast-content-background-meta":{"desktop":{"background-color":"var(--ast-global-color-5)","background-image":"","background-repeat":"repeat","background-position":"center center","background-size":"auto","background-attachment":"scroll","background-type":"","background-media":"","overlay-type":"","overlay-color":"","overlay-opacity":"","overlay-gradient":""},"tablet":{"background-color":"var(--ast-global-color-5)","background-image":"","background-repeat":"repeat","background-position":"center center","background-size":"auto","background-attachment":"scroll","background-type":"","background-media":"","overlay-type":"","overlay-color":"","overlay-opacity":"","overlay-gradient":""},"mobile":{"background-color":"var(--ast-global-color-5)","background-image":"","background-repeat":"repeat","background-position":"center center","background-size":"auto","background-attachment":"scroll","background-type":"","background-media":"","overlay-type":"","overlay-color":"","overlay-opacity":"","overlay-gradient":""}},"footnotes":""},"class_list":["post-2776","page","type-page","status-publish","hentry"],"_links":{"self":[{"href":"https:\/\/caoviedo.es\/fiestas\/wp-json\/wp\/v2\/pages\/2776","targetHints":{"allow":["GET"]}}],"collection":[{"href":"https:\/\/caoviedo.es\/fiestas\/wp-json\/wp\/v2\/pages"}],"about":[{"href":"https:\/\/caoviedo.es\/fiestas\/wp-json\/wp\/v2\/types\/page"}],"author":[{"embeddable":true,"href":"https:\/\/caoviedo.es\/fiestas\/wp-json\/wp\/v2\/users\/1"}],"replies":[{"embeddable":true,"href":"https:\/\/caoviedo.es\/fiestas\/wp-json\/wp\/v2\/comments?post=2776"}],"version-history":[{"count":30,"href":"https:\/\/caoviedo.es\/fiestas\/wp-json\/wp\/v2\/pages\/2776\/revisions"}],"predecessor-version":[{"id":5868,"href":"https:\/\/caoviedo.es\/fiestas\/wp-json\/wp\/v2\/pages\/2776\/revisions\/5868"}],"wp:attachment":[{"href":"https:\/\/caoviedo.es\/fiestas\/wp-json\/wp\/v2\/media?parent=2776"}],"curies":[{"name":"wp","href":"https:\/\/api.w.org\/{rel}","templated":true}]}}